{"id":48,"date":"2018-12-06T07:26:03","date_gmt":"2018-12-06T07:26:03","guid":{"rendered":"http:\/\/zinaanddavid.com\/?page_id=48"},"modified":"2019-08-08T15:33:30","modified_gmt":"2019-08-08T15:33:30","slug":"ausruestung","status":"publish","type":"page","link":"https:\/\/zinaanddavid.com\/?page_id=48","title":{"rendered":"Startausr\u00fcstung"},"content":{"rendered":"<h3><strong>Zusammensetzung der ersten Brauanlage<\/strong><\/h3>\n<h4><strong>Basis<\/strong><\/h4>\n<ul>\n<li>Einkochautomat 27 Liter<\/li>\n<li>Kochherd mit 2 Kocht\u00f6pfen (min. 12 Liter Inhalt)<\/li>\n<li>L\u00e4uter- und G\u00e4rbeh\u00e4lter<\/li>\n<li>L\u00e4uterschlange<\/li>\n<\/ul>\n<h4><strong>Zubeh\u00f6r<\/strong><\/h4>\n<ul>\n<li>Messbecher 3 Liter<\/li>\n<li>K\u00fcchenwaage bis 5 kg<\/li>\n<li>Thermometer<\/li>\n<li>Kochl\u00f6ffel 50cm<\/li>\n<li>Lochl\u00f6ffel f\u00fcr den Nachguss<\/li>\n<li>Filterbeutel 150 \u03bcm<\/li>\n<li>Messzylinder 250 ml<\/li>\n<li>Bierspindel 0-20\u00b0P geeicht auf 20\u00b0C<\/li>\n<li>Steckverbindungen wie Wasserhahn-K\u00fchlschlange<\/li>\n<li>3 Harassen mit 60 x 0.5Liter-B\u00fcgelflaschen<\/li>\n<li>Brauerjod<\/li>\n<li>Isopropanol 70%<\/li>\n<li>Spr\u00fchflasche f\u00fcr Isopropanol<\/li>\n<li>Chemipro OXI<\/li>\n<li>Dosierhilfe f\u00fcr Zucker<\/li>\n<li>Diverses Putzzeugs wie Schw\u00e4mme, Abwaschb\u00fcrsten etc.<\/li>\n<\/ul>\n<h4><strong>Ben\u00f6tigt wird ausserdem<\/strong><\/h4>\n<ul>\n<li>Ein stabiler Tisch<\/li>\n<li>Wasseranschluss in der n\u00e4he<\/li>\n<li>Gen\u00fcgend Strom (am besten die Einkochautomat und Kochherd auf zwei verschiedenen Stromgruppen laufen lassen)<\/li>\n<\/ul>\n<h4><strong>Einkaufsliste<\/strong><\/h4>\n<ul>\n<li>Einkochautomat Klarstein Biggie Digital \/ Euro 154.99<\/li>\n<li>L\u00e4uterhexe 1000 \/ Euro 46.90<\/li>\n<li>G\u00e4rbeh\u00e4lter 33 Liter mit G\u00e4rr\u00f6hrchen \/ Euro 19.99<\/li>\n<li>3 Harassen mit 60 x 0.5Liter-B\u00fcgelflschen \/ CHF 113.70<\/li>\n<li>Messbecher 3 Liter \/ Euro 8.04<\/li>\n<li>K\u00fcchenwaage bis 5kg \/ Euro 13.33<\/li>\n<li>Thermometer \/ Euro 13.99<\/li>\n<li>Homebrew Bierfilter \/ Euro 8.16<\/li>\n<li>Kochl\u00f6ffel 50cm \/ Euro 14.00<\/li>\n<li>Lochl\u00f6ffel \/ Euro 9.60<\/li>\n<li>K\u00fchlschlange f\u00fcr 20 Liter W\u00fcrze \/ CHF 100.00<\/li>\n<li>Messzylinder 31.5cm H\u00f6he 250ml \/ Euro 6.45<\/li>\n<li>Bierspindel 0-20\u00b0P geeicht auf 20\u00b0C \/ Euro 17.95<\/li>\n<li>Filterbeutel 150 \u03bcm \/ Euro 10.90<\/li>\n<li>Brauerjod 30ml \/ Euro 8.99<\/li>\n<li>Chemipro OXI 1 kg \/ CHF 10.50<\/li>\n<li>Isopropanol 70% aus der Apotheke \/ CHF 25.00<\/li>\n<li>Dosierhilfe f\u00fcr Zucker \/ Euro 3.99<\/li>\n<li>Diverses Kleinmaterial wie Putzzeugs, Anschluss\u00fcberg\u00e4nge an Wasserhahn etc. \/ ca. CHF 50.00<\/li>\n<\/ul>\n<p>Die Start-Ausr\u00fcstung hat\u00a0rund CHF 770.00 gekostet.\u00a0Haupts\u00e4chlich wurden die Bestandteile\u00a0auf amazon.de\u00a0und brauundrauchshop.ch gekauft.<\/p>\n<p>&nbsp;<\/p>\n","protected":false},"excerpt":{"rendered":"<p>Zusammensetzung der ersten Brauanlage Basis Einkochautomat 27 Liter Kochherd mit 2 Kocht\u00f6pfen (min. 12 Liter Inhalt) L\u00e4uter- und G\u00e4rbeh\u00e4lter L\u00e4uterschlange Zubeh\u00f6r Messbecher 3 Liter K\u00fcchenwaage bis 5 kg Thermometer Kochl\u00f6ffel 50cm Lochl\u00f6ffel f\u00fcr den Nachguss Filterbeutel 150 \u03bcm Messzylinder 250 ml Bierspindel 0-20\u00b0P geeicht auf 20\u00b0C Steckverbindungen wie Wasserhahn-K\u00fchlschlange 3 Harassen mit 60 x 0.5Liter-B\u00fcgelflaschen [&hellip;]<\/p>\n","protected":false},"author":1,"featured_media":0,"parent":0,"menu_order":0,"comment_status":"closed","ping_status":"closed","template":"","meta":[],"_links":{"self":[{"href":"https:\/\/zinaanddavid.com\/index.php?rest_route=\/wp\/v2\/pages\/48"}],"collection":[{"href":"https:\/\/zinaanddavid.com\/index.php?rest_route=\/wp\/v2\/pages"}],"about":[{"href":"https:\/\/zinaanddavid.com\/index.php?rest_route=\/wp\/v2\/types\/page"}],"author":[{"embeddable":true,"href":"https:\/\/zinaanddavid.com\/index.php?rest_route=\/wp\/v2\/users\/1"}],"replies":[{"embeddable":true,"href":"https:\/\/zinaanddavid.com\/index.php?rest_route=%2Fwp%2Fv2%2Fcomments&post=48"}],"version-history":[{"count":21,"href":"https:\/\/zinaanddavid.com\/index.php?rest_route=\/wp\/v2\/pages\/48\/revisions"}],"predecessor-version":[{"id":393,"href":"https:\/\/zinaanddavid.com\/index.php?rest_route=\/wp\/v2\/pages\/48\/revisions\/393"}],"wp:attachment":[{"href":"https:\/\/zinaanddavid.com\/index.php?rest_route=%2Fwp%2Fv2%2Fmedia&parent=48"}],"curies":[{"name":"wp","href":"https:\/\/api.w.org\/{rel}","templated":true}]}}